{"id":57,"date":"2025-06-30T15:53:05","date_gmt":"2025-06-30T15:53:05","guid":{"rendered":"https:\/\/www.avid.pa\/?page_id=57"},"modified":"2025-07-07T18:44:32","modified_gmt":"2025-07-07T18:44:32","slug":"boat","status":"publish","type":"page","link":"https:\/\/www.avid.pa\/espanol\/boat\/","title":{"rendered":"Boat"},"content":{"rendered":"<div data-elementor-type=\"wp-page\" data-elementor-id=\"57\" class=\"elementor elementor-57\" data-elementor-post-type=\"page\">\n\t\t\t\t<div class=\"has_eae_slider elementor-element elementor-element-7495255 e-flex e-con-boxed e-con e-parent\" data-eae-slider=\"20685\" data-id=\"7495255\" data-element_type=\"container\">\n\t\t\t\t\t<div class=\"e-con-inner\">\n\t\t\t\t<div class=\"elementor-element elementor-element-7b73a18 elementor-widget elementor-widget-text-editor\" data-id=\"7b73a18\" data-element_type=\"widget\" data-widget_type=\"text-editor.default\">\n\t\t\t\t<div class=\"elementor-widget-container\">\n\t\t\t\t\t\t\t\t\t<h2 class=\"western\" align=\"left\">Jeanneau Sun Odyssey de 49\u2032<\/h2><h4 class=\"western\" align=\"left\">Revisi\u00f3n completa 2023 \u2013 2024<\/h4><p class=\"western\" align=\"left\"><img fetchpriority=\"high\" decoding=\"async\" class=\"alignnone wp-image-185 size-large\" src=\"https:\/\/www.avid.pa\/wp-content\/uploads\/2025\/06\/90-1-1024x576.png\" alt=\"\" width=\"1024\" height=\"576\" srcset=\"https:\/\/www.avid.pa\/wp-content\/uploads\/2025\/06\/90-1-1024x576.png 1024w, https:\/\/www.avid.pa\/wp-content\/uploads\/2025\/06\/90-1-300x169.png 300w, https:\/\/www.avid.pa\/wp-content\/uploads\/2025\/06\/90-1-768x432.png 768w, https:\/\/www.avid.pa\/wp-content\/uploads\/2025\/06\/90-1-1536x864.png 1536w, https:\/\/www.avid.pa\/wp-content\/uploads\/2025\/06\/90-1.png 1920w\" sizes=\"(max-width: 1024px) 100vw, 1024px\" \/> <img decoding=\"async\" class=\"alignnone wp-image-186 size-large\" src=\"https:\/\/www.avid.pa\/wp-content\/uploads\/2025\/06\/Cockpit-3-Nov-2023-1024x576.jpg\" alt=\"\" width=\"1024\" height=\"576\" srcset=\"https:\/\/www.avid.pa\/wp-content\/uploads\/2025\/06\/Cockpit-3-Nov-2023-1024x576.jpg 1024w, https:\/\/www.avid.pa\/wp-content\/uploads\/2025\/06\/Cockpit-3-Nov-2023-300x169.jpg 300w, https:\/\/www.avid.pa\/wp-content\/uploads\/2025\/06\/Cockpit-3-Nov-2023-768x432.jpg 768w, https:\/\/www.avid.pa\/wp-content\/uploads\/2025\/06\/Cockpit-3-Nov-2023-1536x864.jpg 1536w, https:\/\/www.avid.pa\/wp-content\/uploads\/2025\/06\/Cockpit-3-Nov-2023-2048x1152.jpg 2048w\" sizes=\"(max-width: 1024px) 100vw, 1024px\" \/> \u00a0\u00a0 \u00a0\u00a0<\/p><h2 class=\"western\" align=\"left\">\ud83d\udea4 Mejoras y actualizaciones 2023-2024<\/h2><p class=\"western\" align=\"left\">Experimente un rendimiento, comodidad y seguridad excepcionales con amplias mejoras realizadas entre 2023 y 2024. Esta embarcaci\u00f3n est\u00e1 completamente equipada para cruceros en aguas azules, comodidad a bordo y viajes listos para la aventura.<\/p><ul><li><p class=\"western\" align=\"left\"><strong>Nuevo motor di\u00e9sel Yanmar 4JH80 (85 hp)<\/strong><\/p><\/li><li><p class=\"western\" align=\"left\">H\u00e9lice plegable de dos velocidades Gori<\/p><\/li><li><p class=\"western\" align=\"left\">Revisi\u00f3n del eje de transmisi\u00f3n, cojinetes y transmisi\u00f3n<\/p><\/li><li><p class=\"western\" align=\"left\">Cojinete de machete y tubo de popa de lat\u00f3n<\/p><\/li><li><p class=\"western\" align=\"left\">12 V y 240 V <strong>paneles el\u00e9ctricos<\/strong><\/p><\/li><li><p class=\"western\" align=\"left\"><strong>Sistema de energ\u00eda solar de 800 W<\/strong> + Inversor de 3000W<\/p><\/li><li><p class=\"western\" align=\"left\">(2) <strong>Pantallas multifunci\u00f3n Raymarine de 9\u2033<\/strong> + (1) MFD de 7\u2033 (lado de babor)<\/p><\/li><li><p class=\"western\" align=\"left\">Raymarine <strong>Sonar 3D<\/strong>, instrumentos de viento y rueda de velocidad<\/p><\/li><li><p class=\"western\" align=\"left\">Raymarine <strong>91 VHF con AIS<\/strong>, VHF port\u00e1til y <strong>Radio satelital Garmin<\/strong><\/p><\/li><li><p class=\"western\" align=\"left\">Raymarine <strong>sistema de piloto autom\u00e1tico<\/strong><\/p><\/li><li><p class=\"western\" align=\"left\">Reinstalaci\u00f3n del radar <strong>(en curso)<\/strong><\/p><\/li><li><p class=\"western\" align=\"left\">Nuevo <strong>Navegaci\u00f3n, ancla, navegaci\u00f3n, cubierta y luces subacu\u00e1ticas<\/strong><\/p><\/li><li><p class=\"western\" align=\"left\">Iluminaci\u00f3n interior mejorada en todas partes<\/p><\/li><li><p class=\"western\" align=\"left\"><strong>Sistema de entretenimiento<\/strong> con PC, proyector y pantallas<\/p><\/li><li><p class=\"western\" align=\"left\">De primera calidad <strong>sistema de sonido de cabina y de pilotaje<\/strong><\/p><\/li><\/ul><p class=\"western\" align=\"left\"><img decoding=\"async\" class=\"alignnone wp-image-188 size-full\" src=\"https:\/\/www.avid.pa\/wp-content\/uploads\/2025\/06\/IMG_20240423_124258_1-2-1024x768-1.jpg\" alt=\"\" width=\"1024\" height=\"768\" srcset=\"https:\/\/www.avid.pa\/wp-content\/uploads\/2025\/06\/IMG_20240423_124258_1-2-1024x768-1.jpg 1024w, https:\/\/www.avid.pa\/wp-content\/uploads\/2025\/06\/IMG_20240423_124258_1-2-1024x768-1-300x225.jpg 300w, https:\/\/www.avid.pa\/wp-content\/uploads\/2025\/06\/IMG_20240423_124258_1-2-1024x768-1-768x576.jpg 768w\" sizes=\"(max-width: 1024px) 100vw, 1024px\" \/><span style=\"color: #000080;\"><u><a href=\"https:\/\/www.avid.pa\/espanol\/contact\/\"><br \/>Cont\u00e1ctanos ahora<br \/><\/a><\/u><\/span><\/p><ul><li><p class=\"western\" align=\"left\">Camarote principal y popa <strong>Unidades de aire acondicionado<\/strong><\/p><\/li><li><p class=\"western\" align=\"left\"><strong>Tapicer\u00eda, techo y colchones nuevos (3)<\/strong><\/p><\/li><li><p class=\"western\" align=\"left\">Revestimiento interior y suelo de cabina <strong>(en curso)<\/strong><\/p><\/li><li><p class=\"western\" align=\"left\"><strong>Cabezales el\u00e9ctricos<\/strong>, grifos nuevos (3), y duchas (3)<\/p><\/li><li><p class=\"western\" align=\"left\">Cocina equipada con <strong>utensilios de cocina<\/strong>, frigor\u00edfico, congelador y <strong>m\u00e1quina de hielo<\/strong><\/p><\/li><li><p class=\"western\" align=\"left\"><strong>4 ventiladores de cabina<\/strong> para ventilaci\u00f3n<\/p><\/li><li><p class=\"western\" align=\"left\">Nuevo <strong>vela mayor, g\u00e9nova y trinquete<\/strong><\/p><\/li><li><p class=\"western\" align=\"left\">Todo <strong>jarcia de labor y bloques reemplazados<\/strong><\/p><\/li><li><p class=\"western\" align=\"left\"><strong>Boom vang<\/strong> agregado<\/p><\/li><li><p class=\"western\" align=\"left\"><strong>L\u00edneas de vida de acero inoxidable (4 mm)<\/strong><\/p><\/li><li><p class=\"western\" align=\"left\">Actualizado <strong>molinete el\u00e9ctrico<\/strong><\/p><\/li><li><p class=\"western\" align=\"left\"><strong>Bimini<\/strong> con amarres de panel + <strong>gandul<\/strong><\/p><\/li><li><p class=\"western\" align=\"left\">Trampilla de entrada <strong>ensamblaje de plexigl\u00e1s<\/strong><\/p><\/li><li><p class=\"western\" align=\"left\">Reemplazado <strong>escotillas y ventanas<\/strong><\/p><\/li><li><p class=\"western\" align=\"left\"><strong>Gr\u00faa fueraborda<\/strong> para bote<\/p><\/li><li><p class=\"western\" align=\"left\"><strong>Barbacoa Maga<\/strong> en cubierta<\/p><\/li><li><p class=\"western\" align=\"left\"><strong>bote de 3 m<\/strong> con remos, anclas y bombas<\/p><\/li><li><p class=\"western\" align=\"left\"><strong>motor fueraborda de 6 hp<\/strong> con tanque de combustible externo<\/p><\/li><li><p class=\"western\" align=\"left\"><strong>Tres anclas<\/strong> con cadena de 180\u2032<\/p><\/li><li><p class=\"western\" align=\"left\">Nuevo <strong>bomba de agua principal y filtros<\/strong><\/p><\/li><li><p class=\"western\" align=\"left\"><strong>Tanques de agua (3)<\/strong> y <strong>tanque de combustible<\/strong> limpiado y reinstalado<\/p><\/li><li><p class=\"western\" align=\"left\"><strong>Potabilizadora de agua<\/strong> para cruceros prolongados<\/p><\/li><li><p class=\"western\" align=\"left\">Dual <strong>bombas de achique<\/strong> por seguridad<\/p><\/li><li><p class=\"western\" align=\"left\">Recertificado <strong>Balsa salvavidas para 8 personas<\/strong>, barandilla y anclas<\/p><\/li><li><p class=\"western\" align=\"left\"><strong>Anillo salvavidas<\/strong> y <strong>br\u00fajulas (4)<\/strong><\/p><\/li><li><p class=\"western\" align=\"left\"><strong>Compresor de buceo<\/strong> con equipo de buceo<\/p><\/li><li><p class=\"western\" align=\"left\"><strong>Ca\u00f1as de pescar (4)<\/strong> para la captura en el oc\u00e9ano<\/p><\/li><li><p class=\"western\" align=\"left\"><strong>Dos patinetes el\u00e9ctricos<\/strong><\/p><\/li><li><p class=\"western\" align=\"left\">Se reemplazaron cojines, cabeceras y todas las l\u00e1mparas.<\/p><\/li><li><p class=\"western\" align=\"left\">Herramientas de navegaci\u00f3n de alta gama que incluyen <strong>binoculares y br\u00fajulas<\/strong><\/p><\/li><\/ul><p class=\"western\" align=\"left\"><em><b>En curso<\/b><\/em><b>:<\/b><\/p><ul><li><p class=\"western\" align=\"left\">Reelaboraci\u00f3n de paneles interiores<\/p><\/li><li><p class=\"western\" align=\"left\">Restauraci\u00f3n del suelo de la cabina<\/p><\/li><li><p class=\"western\" align=\"left\">Instalaci\u00f3n de calentador de agua<\/p><\/li><li><p class=\"western\" align=\"left\">Reinstalaci\u00f3n del radar digital<\/p><\/li><\/ul><p class=\"western\" align=\"left\"><span style=\"color: #000080;\"><u><img loading=\"lazy\" decoding=\"async\" class=\"alignnone wp-image-666 size-large\" src=\"https:\/\/www.avid.pa\/wp-content\/uploads\/2025\/07\/115-1024x768.jpg\" alt=\"\" width=\"1024\" height=\"768\" srcset=\"https:\/\/www.avid.pa\/wp-content\/uploads\/2025\/07\/115-1024x768.jpg 1024w, https:\/\/www.avid.pa\/wp-content\/uploads\/2025\/07\/115-300x225.jpg 300w, https:\/\/www.avid.pa\/wp-content\/uploads\/2025\/07\/115-768x576.jpg 768w, https:\/\/www.avid.pa\/wp-content\/uploads\/2025\/07\/115-1536x1152.jpg 1536w, https:\/\/www.avid.pa\/wp-content\/uploads\/2025\/07\/115-2048x1536.jpg 2048w, https:\/\/www.avid.pa\/wp-content\/uploads\/2025\/07\/115-16x12.jpg 16w\" sizes=\"(max-width: 1024px) 100vw, 1024px\" \/> <img loading=\"lazy\" decoding=\"async\" class=\"alignnone wp-image-667 size-large\" src=\"https:\/\/www.avid.pa\/wp-content\/uploads\/2025\/07\/117-1024x768.jpg\" alt=\"\" width=\"1024\" height=\"768\" srcset=\"https:\/\/www.avid.pa\/wp-content\/uploads\/2025\/07\/117-1024x768.jpg 1024w, https:\/\/www.avid.pa\/wp-content\/uploads\/2025\/07\/117-300x225.jpg 300w, https:\/\/www.avid.pa\/wp-content\/uploads\/2025\/07\/117-768x576.jpg 768w, https:\/\/www.avid.pa\/wp-content\/uploads\/2025\/07\/117-1536x1152.jpg 1536w, https:\/\/www.avid.pa\/wp-content\/uploads\/2025\/07\/117-2048x1536.jpg 2048w, https:\/\/www.avid.pa\/wp-content\/uploads\/2025\/07\/117-16x12.jpg 16w\" sizes=\"(max-width: 1024px) 100vw, 1024px\" \/> <img loading=\"lazy\" decoding=\"async\" class=\"alignnone wp-image-668 size-large\" src=\"https:\/\/www.avid.pa\/wp-content\/uploads\/2025\/07\/118-1024x768.jpg\" alt=\"\" width=\"1024\" height=\"768\" srcset=\"https:\/\/www.avid.pa\/wp-content\/uploads\/2025\/07\/118-1024x768.jpg 1024w, https:\/\/www.avid.pa\/wp-content\/uploads\/2025\/07\/118-300x225.jpg 300w, https:\/\/www.avid.pa\/wp-content\/uploads\/2025\/07\/118-768x576.jpg 768w, https:\/\/www.avid.pa\/wp-content\/uploads\/2025\/07\/118-1536x1152.jpg 1536w, https:\/\/www.avid.pa\/wp-content\/uploads\/2025\/07\/118-2048x1536.jpg 2048w, https:\/\/www.avid.pa\/wp-content\/uploads\/2025\/07\/118-16x12.jpg 16w\" sizes=\"(max-width: 1024px) 100vw, 1024px\" \/> <img loading=\"lazy\" decoding=\"async\" class=\"alignnone wp-image-669 size-large\" src=\"https:\/\/www.avid.pa\/wp-content\/uploads\/2025\/07\/250-1024x576.jpg\" alt=\"\" width=\"1024\" height=\"576\" srcset=\"https:\/\/www.avid.pa\/wp-content\/uploads\/2025\/07\/250-1024x576.jpg 1024w, https:\/\/www.avid.pa\/wp-content\/uploads\/2025\/07\/250-300x169.jpg 300w, https:\/\/www.avid.pa\/wp-content\/uploads\/2025\/07\/250-768x432.jpg 768w, https:\/\/www.avid.pa\/wp-content\/uploads\/2025\/07\/250-1536x864.jpg 1536w, https:\/\/www.avid.pa\/wp-content\/uploads\/2025\/07\/250-2048x1152.jpg 2048w, https:\/\/www.avid.pa\/wp-content\/uploads\/2025\/07\/250-18x10.jpg 18w\" sizes=\"(max-width: 1024px) 100vw, 1024px\" \/><br \/><\/u><\/span><\/p><p class=\"western\" align=\"left\"><span style=\"color: #000080;\"><u><a href=\"https:\/\/www.avid.pa\/espanol\/contact\/\">Cont\u00e1ctanos ahora<\/a><\/u><\/span><\/p><p class=\"western\" align=\"left\">\u00a0<\/p>\t\t\t\t\t\t\t\t<\/div>\n\t\t\t\t<\/div>\n\t\t\t\t\t<\/div>\n\t\t\t\t<\/div>\n\t\t<div class=\"has_eae_slider elementor-element elementor-element-30003967 e-grid e-con-full e-con e-parent\" data-eae-slider=\"52857\" data-id=\"30003967\" data-element_type=\"container\" data-settings=\"{&quot;background_background&quot;:&quot;classic&quot;}\">\n\t\t\t\t<div class=\"elementor-element elementor-element-3a972e28 elementor-view-default elementor-widget elementor-widget-icon\" data-id=\"3a972e28\" data-element_type=\"widget\" data-widget_type=\"icon.default\">\n\t\t\t\t<div class=\"elementor-widget-container\">\n\t\t\t\t\t\t\t<div class=\"elementor-icon-wrapper\">\n\t\t\t<div class=\"elementor-icon\">\n\t\t\t<svg aria-hidden=\"true\" class=\"e-font-icon-svg e-far-building\" viewbox=\"0 0 448 512\" xmlns=\"http:\/\/www.w3.org\/2000\/svg\"><path d=\"M128 148v-40c0-6.6 5.4-12 12-12h40c6.6 0 12 5.4 12 12v40c0 6.6-5.4 12-12 12h-40c-6.6 0-12-5.4-12-12zm140 12h40c6.6 0 12-5.4 12-12v-40c0-6.6-5.4-12-12-12h-40c-6.6 0-12 5.4-12 12v40c0 6.6 5.4 12 12 12zm-128 96h40c6.6 0 12-5.4 12-12v-40c0-6.6-5.4-12-12-12h-40c-6.6 0-12 5.4-12 12v40c0 6.6 5.4 12 12 12zm128 0h40c6.6 0 12-5.4 12-12v-40c0-6.6-5.4-12-12-12h-40c-6.6 0-12 5.4-12 12v40c0 6.6 5.4 12 12 12zm-76 84v-40c0-6.6-5.4-12-12-12h-40c-6.6 0-12 5.4-12 12v40c0 6.6 5.4 12 12 12h40c6.6 0 12-5.4 12-12zm76 12h40c6.6 0 12-5.4 12-12v-40c0-6.6-5.4-12-12-12h-40c-6.6 0-12 5.4-12 12v40c0 6.6 5.4 12 12 12zm180 124v36H0v-36c0-6.6 5.4-12 12-12h19.5V24c0-13.3 10.7-24 24-24h337c13.3 0 24 10.7 24 24v440H436c6.6 0 12 5.4 12 12zM79.5 463H192v-67c0-6.6 5.4-12 12-12h40c6.6 0 12 5.4 12 12v67h112.5V49L80 48l-.5 415z\"><\/path><\/svg>\t\t\t<\/div>\n\t\t<\/div>\n\t\t\t\t\t\t<\/div>\n\t\t\t\t<\/div>\n\t\t\t\t<div class=\"elementor-element elementor-element-20786da7 elementor-view-default elementor-widget elementor-widget-icon\" data-id=\"20786da7\" data-element_type=\"widget\" data-widget_type=\"icon.default\">\n\t\t\t\t<div class=\"elementor-widget-container\">\n\t\t\t\t\t\t\t<div class=\"elementor-icon-wrapper\">\n\t\t\t<div class=\"elementor-icon\">\n\t\t\t<svg aria-hidden=\"true\" class=\"e-font-icon-svg e-fas-phone\" viewbox=\"0 0 512 512\" xmlns=\"http:\/\/www.w3.org\/2000\/svg\"><path d=\"M493.4 24.6l-104-24c-11.3-2.6-22.9 3.3-27.5 13.9l-48 112c-4.2 9.8-1.4 21.3 6.9 28l60.6 49.6c-36 76.7-98.9 140.5-177.2 177.2l-49.6-60.6c-6.8-8.3-18.2-11.1-28-6.9l-112 48C3.9 366.5-2 378.1.6 389.4l24 104C27.1 504.2 36.7 512 48 512c256.1 0 464-207.5 464-464 0-11.2-7.7-20.9-18.6-23.4z\"><\/path><\/svg>\t\t\t<\/div>\n\t\t<\/div>\n\t\t\t\t\t\t<\/div>\n\t\t\t\t<\/div>\n\t\t\t\t<div class=\"elementor-element elementor-element-6dda6bdd elementor-view-default elementor-widget elementor-widget-icon\" data-id=\"6dda6bdd\" data-element_type=\"widget\" data-widget_type=\"icon.default\">\n\t\t\t\t<div class=\"elementor-widget-container\">\n\t\t\t\t\t\t\t<div class=\"elementor-icon-wrapper\">\n\t\t\t<div class=\"elementor-icon\">\n\t\t\t<svg aria-hidden=\"true\" class=\"e-font-icon-svg e-fas-mail-bulk\" viewbox=\"0 0 576 512\" xmlns=\"http:\/\/www.w3.org\/2000\/svg\"><path d=\"M160 448c-25.6 0-51.2-22.4-64-32-64-44.8-83.2-60.8-96-70.4V480c0 17.67 14.33 32 32 32h256c17.67 0 32-14.33 32-32V345.6c-12.8 9.6-32 25.6-96 70.4-12.8 9.6-38.4 32-64 32zm128-192H32c-17.67 0-32 14.33-32 32v16c25.6 19.2 22.4 19.2 115.2 86.4 9.6 6.4 28.8 25.6 44.8 25.6s35.2-19.2 44.8-22.4c92.8-67.2 89.6-67.2 115.2-86.4V288c0-17.67-14.33-32-32-32zm256-96H224c-17.67 0-32 14.33-32 32v32h96c33.21 0 60.59 25.42 63.71 57.82l.29-.22V416h192c17.67 0 32-14.33 32-32V192c0-17.67-14.33-32-32-32zm-32 128h-64v-64h64v64zm-352-96c0-35.29 28.71-64 64-64h224V32c0-17.67-14.33-32-32-32H96C78.33 0 64 14.33 64 32v192h96v-32z\"><\/path><\/svg>\t\t\t<\/div>\n\t\t<\/div>\n\t\t\t\t\t\t<\/div>\n\t\t\t\t<\/div>\n\t\t\t\t<div class=\"elementor-element elementor-element-38b8987a elementor-widget elementor-widget-text-editor\" data-id=\"38b8987a\" data-element_type=\"widget\" data-widget_type=\"text-editor.default\">\n\t\t\t\t<div class=\"elementor-widget-container\">\n\t\t\t\t\t\t\t\t\t<p><strong>DIRECCI\u00d3N<\/strong><\/p><p>Rodman 8e, Bijao, Ant\u00f3n, Cocl\u00e9, Panam\u00e1<\/p>\t\t\t\t\t\t\t\t<\/div>\n\t\t\t\t<\/div>\n\t\t\t\t<div class=\"elementor-element elementor-element-7471b69b elementor-widget elementor-widget-text-editor\" data-id=\"7471b69b\" data-element_type=\"widget\" data-widget_type=\"text-editor.default\">\n\t\t\t\t<div class=\"elementor-widget-container\">\n\t\t\t\t\t\t\t\t\t<p><strong>Tel\u00e9fono<\/strong><\/p><p>+507-833-7715<\/p>\t\t\t\t\t\t\t\t<\/div>\n\t\t\t\t<\/div>\n\t\t\t\t<div class=\"elementor-element elementor-element-17307231 elementor-widget elementor-widget-text-editor\" data-id=\"17307231\" data-element_type=\"widget\" data-widget_type=\"text-editor.default\">\n\t\t\t\t<div class=\"elementor-widget-container\">\n\t\t\t\t\t\t\t\t\t<p><strong>Correo electr\u00f3nico<\/strong><\/p><p>info@avid.pa<\/p>\t\t\t\t\t\t\t\t<\/div>\n\t\t\t\t<\/div>\n\t\t\t\t<\/div>\n\t\t\t\t<\/div>","protected":false},"excerpt":{"rendered":"<p>49\u2032 Jeanneau Sun Odyssey Complete Overhaul 2023 \u2013 2024 \u00a0\u00a0 \u00a0\u00a0 \ud83d\udea4 2023\u20132024 Upgrades &amp; Improvements Experience exceptional performance, comfort, [&hellip;]<\/p>","protected":false},"author":1,"featured_media":0,"parent":0,"menu_order":0,"comment_status":"closed","ping_status":"closed","template":"","meta":{"site-sidebar-layout":"no-sidebar","site-content-layout":"","ast-site-content-layout":"full-width-container","site-content-style":"default","site-sidebar-style":"default","ast-global-header-display":"","ast-banner-title-visibility":"","ast-main-header-display":"","ast-hfb-above-header-display":"","ast-hfb-below-header-display":"","ast-hfb-mobile-header-display":"","site-post-title":"disabled","ast-breadcrumbs-content":"","ast-featured-img":"disabled","footer-sml-layout":"disabled","theme-transparent-header-meta":"","adv-header-id-meta":"","stick-header-meta":"","header-above-stick-meta":"","header-main-stick-meta":"","header-below-stick-meta":"","astra-migrate-meta-layouts":"default","ast-page-background-enabled":"default","ast-page-background-meta":{"desktop":{"background-color":"var(--ast-global-color-5)","background-image":"","background-repeat":"repeat","background-position":"center center","background-size":"auto","background-attachment":"scroll","background-type":"","background-media":"","overlay-type":"","overlay-color":"","overlay-opacity":"","overlay-gradient":""},"tablet":{"background-color":"","background-image":"","background-repeat":"repeat","background-position":"center center","background-size":"auto","background-attachment":"scroll","background-type":"","background-media":"","overlay-type":"","overlay-color":"","overlay-opacity":"","overlay-gradient":""},"mobile":{"background-color":"","background-image":"","background-repeat":"repeat","background-position":"center center","background-size":"auto","background-attachment":"scroll","background-type":"","background-media":"","overlay-type":"","overlay-color":"","overlay-opacity":"","overlay-gradient":""}},"ast-content-background-meta":{"desktop":{"background-color":"var(--ast-global-color-4)","background-image":"","background-repeat":"repeat","background-position":"center center","background-size":"auto","background-attachment":"scroll","background-type":"","background-media":"","overlay-type":"","overlay-color":"","overlay-opacity":"","overlay-gradient":""},"tablet":{"background-color":"var(--ast-global-color-4)","background-image":"","background-repeat":"repeat","background-position":"center center","background-size":"auto","background-attachment":"scroll","background-type":"","background-media":"","overlay-type":"","overlay-color":"","overlay-opacity":"","overlay-gradient":""},"mobile":{"background-color":"var(--ast-global-color-4)","background-image":"","background-repeat":"repeat","background-position":"center center","background-size":"auto","background-attachment":"scroll","background-type":"","background-media":"","overlay-type":"","overlay-color":"","overlay-opacity":"","overlay-gradient":""}},"footnotes":""},"class_list":["post-57","page","type-page","status-publish","hentry"],"_links":{"self":[{"href":"https:\/\/www.avid.pa\/espanol\/wp-json\/wp\/v2\/pages\/57","targetHints":{"allow":["GET"]}}],"collection":[{"href":"https:\/\/www.avid.pa\/espanol\/wp-json\/wp\/v2\/pages"}],"about":[{"href":"https:\/\/www.avid.pa\/espanol\/wp-json\/wp\/v2\/types\/page"}],"author":[{"embeddable":true,"href":"https:\/\/www.avid.pa\/espanol\/wp-json\/wp\/v2\/users\/1"}],"replies":[{"embeddable":true,"href":"https:\/\/www.avid.pa\/espanol\/wp-json\/wp\/v2\/comments?post=57"}],"version-history":[{"count":38,"href":"https:\/\/www.avid.pa\/espanol\/wp-json\/wp\/v2\/pages\/57\/revisions"}],"predecessor-version":[{"id":684,"href":"https:\/\/www.avid.pa\/espanol\/wp-json\/wp\/v2\/pages\/57\/revisions\/684"}],"wp:attachment":[{"href":"https:\/\/www.avid.pa\/espanol\/wp-json\/wp\/v2\/media?parent=57"}],"curies":[{"name":"wp","href":"https:\/\/api.w.org\/{rel}","templated":true}]}}